{"id":1259,"date":"2022-10-22T15:41:33","date_gmt":"2022-10-22T15:41:33","guid":{"rendered":"https:\/\/banalweb.website\/?page_id=1259"},"modified":"2025-11-19T18:19:45","modified_gmt":"2025-11-19T17:19:45","slug":"mention-legale","status":"publish","type":"page","link":"https:\/\/durandal.fr\/index.php\/mention-legale\/","title":{"rendered":"Mentions L\u00e9gales"},"content":{"rendered":"\n<p>SARL DURANDAL, 12 ch du puits LD Les Mazes 30260 Orthoux-S\u00e9rignac Quilhan<\/p>\n\n\n\n<p>En cours de transfert de si\u00e8ge social, bient\u00f4t une nouvelle adresse.<\/p>\n\n\n\n<p><\/p>\n\n\n\n<p><\/p>\n\n\n\n<p>France<\/p>\n\n\n\n<p>SIRET 519 380 604 00024<\/p>\n\n\n\n<p>H\u00e9bergement : Hostinger , Kaunas, Lituanie, UAB Jonavos g.60C, 44192<\/p>\n\n\n\n<p>R\u00e9f\u00e9rencement : Axiom R\u00e9f\u00e9rencement SEO Digital Vector<\/p>\n\n\n\n<p>En aucun cas le mortier Durandal ne doit \u00eatre m\u00e9lang\u00e9 \u00e0 un autre mortier, produit, ou \u00eatre utilis\u00e9 \u00e0 d&rsquo;autres fins<br>que la d\u00e9molition de roche ou b\u00e9ton.<\/p>\n\n\n\n<p>L&#8217;emploi du ciment expansif Durandal est sous l&rsquo;enti\u00e8re responsabilit\u00e9 de son utilisateur. <\/p>\n","protected":false},"excerpt":{"rendered":"<p>SARL DURANDAL, 12 ch du puits LD Les Mazes 30260 Orthoux-S\u00e9rignac Quilhan En cours de transfert de si\u00e8ge social, bient\u00f4t une nouvelle adresse. France SIRET 519 380 604 00024 H\u00e9bergement : Hostinger , Kaunas, Lituanie, UAB Jonavos g.60C, 44192 R\u00e9f\u00e9rencement : Axiom R\u00e9f\u00e9rencement SEO Digital Vector En aucun cas le mortier Durandal ne doit \u00eatre&#8230;<\/p>\n","protected":false},"author":1,"featured_media":0,"parent":0,"menu_order":0,"comment_status":"closed","ping_status":"closed","template":"","meta":{"_kadence_starter_templates_imported_post":false,"_kad_post_transparent":"","_kad_post_title":"","_kad_post_layout":"","_kad_post_sidebar_id":"","_kad_post_content_style":"","_kad_post_vertical_padding":"","_kad_post_feature":"","_kad_post_feature_position":"","_kad_post_header":false,"_kad_post_footer":false,"_kad_post_classname":"","footnotes":""},"class_list":["post-1259","page","type-page","status-publish","hentry"],"yoast_head":"<!-- This site is optimized with the Yoast SEO plugin v27.1 - https:\/\/yoast.com\/product\/yoast-seo-wordpress\/ -->\n<title>Mentions L\u00e9gales - Durandal - Mortier Expansif fabriqu\u00e9 en France<\/title>\n<meta name=\"robots\" content=\"index, follow, max-snippet:-1, max-image-preview:large, max-video-preview:-1\" \/>\n<link rel=\"canonical\" href=\"https:\/\/durandal.fr\/index.php\/mention-legale\/\" \/>\n<meta property=\"og:locale\" content=\"fr_FR\" \/>\n<meta property=\"og:type\" content=\"article\" \/>\n<meta property=\"og:title\" content=\"Mentions L\u00e9gales - Durandal - Mortier Expansif fabriqu\u00e9 en France\" \/>\n<meta property=\"og:description\" content=\"SARL DURANDAL, 12 ch du puits LD Les Mazes 30260 Orthoux-S\u00e9rignac Quilhan En cours de transfert de si\u00e8ge social, bient\u00f4t une nouvelle adresse. France SIRET 519 380 604 00024 H\u00e9bergement : Hostinger , Kaunas, Lituanie, UAB Jonavos g.60C, 44192 R\u00e9f\u00e9rencement : Axiom R\u00e9f\u00e9rencement SEO Digital Vector En aucun cas le mortier Durandal ne doit \u00eatre...\" \/>\n<meta property=\"og:url\" content=\"https:\/\/durandal.fr\/index.php\/mention-legale\/\" \/>\n<meta property=\"og:site_name\" content=\"Durandal - Mortier Expansif fabriqu\u00e9 en France\" \/>\n<meta property=\"article:publisher\" content=\"https:\/\/www.facebook.com\/profile.php?id=100095299695286\" \/>\n<meta property=\"article:modified_time\" content=\"2025-11-19T17:19:45+00:00\" \/>\n<meta name=\"twitter:card\" content=\"summary_large_image\" \/>\n<meta name=\"twitter:label1\" content=\"Dur\u00e9e de lecture estim\u00e9e\" \/>\n\t<meta name=\"twitter:data1\" content=\"1 minute\" \/>\n<script type=\"application\/ld+json\" class=\"yoast-schema-graph\">{\"@context\":\"https:\/\/schema.org\",\"@graph\":[{\"@type\":\"WebPage\",\"@id\":\"https:\/\/durandal.fr\/index.php\/mention-legale\/\",\"url\":\"https:\/\/durandal.fr\/index.php\/mention-legale\/\",\"name\":\"Mentions L\u00e9gales - Durandal - Mortier Expansif fabriqu\u00e9 en France\",\"isPartOf\":{\"@id\":\"https:\/\/durandal.fr\/#website\"},\"datePublished\":\"2022-10-22T15:41:33+00:00\",\"dateModified\":\"2025-11-19T17:19:45+00:00\",\"breadcrumb\":{\"@id\":\"https:\/\/durandal.fr\/index.php\/mention-legale\/#breadcrumb\"},\"inLanguage\":\"fr-FR\",\"potentialAction\":[{\"@type\":\"ReadAction\",\"target\":[\"https:\/\/durandal.fr\/index.php\/mention-legale\/\"]}]},{\"@type\":\"BreadcrumbList\",\"@id\":\"https:\/\/durandal.fr\/index.php\/mention-legale\/#breadcrumb\",\"itemListElement\":[{\"@type\":\"ListItem\",\"position\":1,\"name\":\"Accueil\",\"item\":\"https:\/\/durandal.fr\/\"},{\"@type\":\"ListItem\",\"position\":2,\"name\":\"Mentions L\u00e9gales\"}]},{\"@type\":\"WebSite\",\"@id\":\"https:\/\/durandal.fr\/#website\",\"url\":\"https:\/\/durandal.fr\/\",\"name\":\"Durandal - Mortier Expansif fabriqu\u00e9 en France\",\"description\":\"Ciment expansif pour la d\u00e9molition des roches\",\"publisher\":{\"@id\":\"https:\/\/durandal.fr\/#organization\"},\"potentialAction\":[{\"@type\":\"SearchAction\",\"target\":{\"@type\":\"EntryPoint\",\"urlTemplate\":\"https:\/\/durandal.fr\/?s={search_term_string}\"},\"query-input\":{\"@type\":\"PropertyValueSpecification\",\"valueRequired\":true,\"valueName\":\"search_term_string\"}}],\"inLanguage\":\"fr-FR\"},{\"@type\":\"Organization\",\"@id\":\"https:\/\/durandal.fr\/#organization\",\"name\":\"Durandal - Mortier Expansif pour d\u00e9molition roche et b\u00e9ton\",\"url\":\"https:\/\/durandal.fr\/\",\"logo\":{\"@type\":\"ImageObject\",\"inLanguage\":\"fr-FR\",\"@id\":\"https:\/\/durandal.fr\/#\/schema\/logo\/image\/\",\"url\":\"https:\/\/durandal.fr\/wp-content\/uploads\/2022\/09\/cropped-Capture-decran-2015-07-01-a-17.34.40.png\",\"contentUrl\":\"https:\/\/durandal.fr\/wp-content\/uploads\/2022\/09\/cropped-Capture-decran-2015-07-01-a-17.34.40.png\",\"width\":922,\"height\":180,\"caption\":\"Durandal - Mortier Expansif pour d\u00e9molition roche et b\u00e9ton\"},\"image\":{\"@id\":\"https:\/\/durandal.fr\/#\/schema\/logo\/image\/\"},\"sameAs\":[\"https:\/\/www.facebook.com\/profile.php?id=100095299695286\",\"https:\/\/www.youtube.com\/@durandal3345\"]}]}<\/script>\n<!-- \/ Yoast SEO plugin. -->","yoast_head_json":{"title":"Mentions L\u00e9gales - Durandal - Mortier Expansif fabriqu\u00e9 en France","robots":{"index":"index","follow":"follow","max-snippet":"max-snippet:-1","max-image-preview":"max-image-preview:large","max-video-preview":"max-video-preview:-1"},"canonical":"https:\/\/durandal.fr\/index.php\/mention-legale\/","og_locale":"fr_FR","og_type":"article","og_title":"Mentions L\u00e9gales - Durandal - Mortier Expansif fabriqu\u00e9 en France","og_description":"SARL DURANDAL, 12 ch du puits LD Les Mazes 30260 Orthoux-S\u00e9rignac Quilhan En cours de transfert de si\u00e8ge social, bient\u00f4t une nouvelle adresse. France SIRET 519 380 604 00024 H\u00e9bergement : Hostinger , Kaunas, Lituanie, UAB Jonavos g.60C, 44192 R\u00e9f\u00e9rencement : Axiom R\u00e9f\u00e9rencement SEO Digital Vector En aucun cas le mortier Durandal ne doit \u00eatre...","og_url":"https:\/\/durandal.fr\/index.php\/mention-legale\/","og_site_name":"Durandal - Mortier Expansif fabriqu\u00e9 en France","article_publisher":"https:\/\/www.facebook.com\/profile.php?id=100095299695286","article_modified_time":"2025-11-19T17:19:45+00:00","twitter_card":"summary_large_image","twitter_misc":{"Dur\u00e9e de lecture estim\u00e9e":"1 minute"},"schema":{"@context":"https:\/\/schema.org","@graph":[{"@type":"WebPage","@id":"https:\/\/durandal.fr\/index.php\/mention-legale\/","url":"https:\/\/durandal.fr\/index.php\/mention-legale\/","name":"Mentions L\u00e9gales - Durandal - Mortier Expansif fabriqu\u00e9 en France","isPartOf":{"@id":"https:\/\/durandal.fr\/#website"},"datePublished":"2022-10-22T15:41:33+00:00","dateModified":"2025-11-19T17:19:45+00:00","breadcrumb":{"@id":"https:\/\/durandal.fr\/index.php\/mention-legale\/#breadcrumb"},"inLanguage":"fr-FR","potentialAction":[{"@type":"ReadAction","target":["https:\/\/durandal.fr\/index.php\/mention-legale\/"]}]},{"@type":"BreadcrumbList","@id":"https:\/\/durandal.fr\/index.php\/mention-legale\/#breadcrumb","itemListElement":[{"@type":"ListItem","position":1,"name":"Accueil","item":"https:\/\/durandal.fr\/"},{"@type":"ListItem","position":2,"name":"Mentions L\u00e9gales"}]},{"@type":"WebSite","@id":"https:\/\/durandal.fr\/#website","url":"https:\/\/durandal.fr\/","name":"Durandal - Mortier Expansif fabriqu\u00e9 en France","description":"Ciment expansif pour la d\u00e9molition des roches","publisher":{"@id":"https:\/\/durandal.fr\/#organization"},"potentialAction":[{"@type":"SearchAction","target":{"@type":"EntryPoint","urlTemplate":"https:\/\/durandal.fr\/?s={search_term_string}"},"query-input":{"@type":"PropertyValueSpecification","valueRequired":true,"valueName":"search_term_string"}}],"inLanguage":"fr-FR"},{"@type":"Organization","@id":"https:\/\/durandal.fr\/#organization","name":"Durandal - Mortier Expansif pour d\u00e9molition roche et b\u00e9ton","url":"https:\/\/durandal.fr\/","logo":{"@type":"ImageObject","inLanguage":"fr-FR","@id":"https:\/\/durandal.fr\/#\/schema\/logo\/image\/","url":"https:\/\/durandal.fr\/wp-content\/uploads\/2022\/09\/cropped-Capture-decran-2015-07-01-a-17.34.40.png","contentUrl":"https:\/\/durandal.fr\/wp-content\/uploads\/2022\/09\/cropped-Capture-decran-2015-07-01-a-17.34.40.png","width":922,"height":180,"caption":"Durandal - Mortier Expansif pour d\u00e9molition roche et b\u00e9ton"},"image":{"@id":"https:\/\/durandal.fr\/#\/schema\/logo\/image\/"},"sameAs":["https:\/\/www.facebook.com\/profile.php?id=100095299695286","https:\/\/www.youtube.com\/@durandal3345"]}]}},"_links":{"self":[{"href":"https:\/\/durandal.fr\/index.php\/wp-json\/wp\/v2\/pages\/1259","targetHints":{"allow":["GET"]}}],"collection":[{"href":"https:\/\/durandal.fr\/index.php\/wp-json\/wp\/v2\/pages"}],"about":[{"href":"https:\/\/durandal.fr\/index.php\/wp-json\/wp\/v2\/types\/page"}],"author":[{"embeddable":true,"href":"https:\/\/durandal.fr\/index.php\/wp-json\/wp\/v2\/users\/1"}],"replies":[{"embeddable":true,"href":"https:\/\/durandal.fr\/index.php\/wp-json\/wp\/v2\/comments?post=1259"}],"version-history":[{"count":8,"href":"https:\/\/durandal.fr\/index.php\/wp-json\/wp\/v2\/pages\/1259\/revisions"}],"predecessor-version":[{"id":2737,"href":"https:\/\/durandal.fr\/index.php\/wp-json\/wp\/v2\/pages\/1259\/revisions\/2737"}],"wp:attachment":[{"href":"https:\/\/durandal.fr\/index.php\/wp-json\/wp\/v2\/media?parent=1259"}],"curies":[{"name":"wp","href":"https:\/\/api.w.org\/{rel}","templated":true}]}}