{"id":224,"date":"2022-11-04T11:23:34","date_gmt":"2022-11-04T11:23:34","guid":{"rendered":"https:\/\/kadence.pixel-show.com\/single-product\/?post_type=product&#038;p=224"},"modified":"2026-02-24T09:26:16","modified_gmt":"2026-02-24T08:26:16","slug":"carton-5-kg-durandal","status":"publish","type":"product","link":"https:\/\/durandal.fr\/index.php\/produit\/carton-5-kg-durandal\/","title":{"rendered":"Mortier Expansif Carton 5 kg &#8211; DURANDAL"},"content":{"rendered":"<p>Ce carton contient un sachet de 5kg de ciment &#8211; mortier expansif Durandal ainsi qu&rsquo;un mode d&#8217;emploi.<\/p>\r\n<p>Nos prix sont exprim\u00e9s TTC &#8211; <strong>Pour toute commande sup\u00e9rieure \u00e0 20 kg, nous <a href=\"https:\/\/durandal.fr\/index.php\/contact-2\/\">contacter directement<\/a><\/strong>.<\/p>\r\n<p>Le mortier Expansif Durandal se conserve <strong>24 mois dans son emballage d&rsquo;origine<\/strong> (stock\u00e9 en int\u00e9rieur). Ce carton contient un sachet de 5kg de ciment expansif Durandal ainsi qu&rsquo;un mode d&#8217;emploi.<\/p>\r\n<p>En aucun cas le ciment expansif Durandal ne doit \u00eatre m\u00e9lang\u00e9 \u00e0 un autre mortier, produit, ou \u00eatre utilis\u00e9 \u00e0 d&rsquo;autres fins que la d\u00e9molition de roche ou b\u00e9ton. L\u2019utilisation de Durandal est sous l&rsquo;enti\u00e8re responsabilit\u00e9 de son applicateur. S&rsquo;il reste du produit non utilis\u00e9 dans le seau, veillez \u00e0 le noyer avec de l&rsquo;eau afin d&rsquo;\u00e9teindre sa r\u00e9action.<\/p>\r\n<p><strong>NB :<\/strong> vous devrez tenir compte du poids des gravats \u00e0 \u00e9vacuer. A titre d&rsquo;exemple, un bloc de b\u00e9ton de 20 sur 20 et sur 20 cm de hauteur p\u00e8se un peu plus de 20 kilos.<\/p>\r\n\r\n<p>Nous vous rappelons qu&rsquo;il est n\u00e9cessaire de poss\u00e9der une m\u00e8che de forage et un outillage adapt\u00e9 \u00e0 la m\u00e8che pour cr\u00e9er des trous afin de verser le produit dedans. Moins les trous seront \u00e9cart\u00e9s, plus vous aurez de petits blocs \u00e0 \u00e9vacuer (pensez \u00e0 la logistique pour l&rsquo;\u00e9vacuation des vos blocs une fois la roche ou le b\u00e9ton d\u00e9truit).<\/p>\r\n<p><strong>\/!\\ Livraison Shop2Shop : \u00e0 r\u00e9cup\u00e9rer en relais colis. \/!\\<\/strong><\/p>\r\n\r\n\r\n\r\n<p>Le mortier expansif Durandal est <strong>\u00e9labor\u00e9, fabriqu\u00e9 et exp\u00e9di\u00e9 depuis la France<\/strong> pour une meilleure qualit\u00e9 !<\/p>\r\n\r\n\r\n\r\n<p>Consultez notre <a href=\"https:\/\/durandal.fr\/index.php\/calculer-la-consommation-en-durandal\/\">guide pour doser notre mortier expansif<\/a> (cliquez sur le lien)<\/p>\r\n<p>\r\n\r\n<\/p>\r\n<p>Bonne d\u00e9molition \u00e0 vous !<\/p>\r\n<p>&nbsp;<\/p>\r\n<p>Le mortier expansif est une substance chimique employ\u00e9e dans le secteur de la construction comme une alternative aux engins de d\u00e9molition et aux explosifs. En s\u00e9chant, il se dilate et fracture le support \u00e0 d\u00e9molir, simplifiant ainsi le processus de nettoyage des d\u00e9bris.<\/p>\r\n<p>Durandal, \u00e9galement connu sous le nom de ciment expansif, de mortier de fractionnement ou de mortier de d\u00e9molition, est un produit fabriqu\u00e9 en France et export\u00e9 depuis plus de dix ans par <a href=\"https:\/\/maps.app.goo.gl\/jP2dpQTeCXSKWbMS9\">l&rsquo;entreprise Durandal<\/a>.<\/p>\r\n<p>Les clients de ce mortier expansif sont divers : particuliers, professionnels du b\u00e2timent, groupes, et enseignes sp\u00e9cialis\u00e9es dans les mat\u00e9riaux et le bricolage.<\/p>\r\n<p>Ce type de mortier est particuli\u00e8rement utile dans des situations o\u00f9 l&rsquo;acc\u00e8s est restreint ou lorsque des r\u00e9glementations limitent l&rsquo;utilisation d&rsquo;explosifs ou d&rsquo;engins bruyants, g\u00e9n\u00e9rateurs de poussi\u00e8re ou de vibrations.<\/p>\r\n","protected":false},"excerpt":{"rendered":"<p>Mortier expansif fabriqu\u00e9 en France pour destruction de roches, dalles b\u00e9ton et b\u00e9ton arm\u00e9.<\/p>\n<p>Ce carton contient un sachet de 5kg de ciment &#8211; mortier expansif Durandal ainsi qu&rsquo;un mode d&#8217;emploi. <strong>Les tarifs de livraison n&rsquo;inclus pas les Dom-Tom (suppl\u00e9ment n\u00e9cessaire, nous contacter avant commande).<\/strong><\/p>\n<p>Recommand\u00e9 pour casser un petit bloc de roche \/ b\u00e9ton.<\/p>\n<ul>\n<li class=\"wp-block-kadence-listitem kt-svg-icon-list-item-wrap kt-svg-icon-list-item-939_aaf950-db kt-svg-icon-list-style-default\"><span class=\"kt-svg-icon-list-text\">Facile et rapide d\u2019utilisation.<\/span><\/li>\n<li class=\"wp-block-kadence-listitem kt-svg-icon-list-item-wrap kt-svg-icon-list-item-939_1348ca-6e kt-svg-icon-list-style-default\"><span class=\"kt-svg-icon-list-text\">Id\u00e9al pour les acc\u00e8s restreints.<\/span><\/li>\n<li>Id\u00e9al d\u00e9molition sans engins et sans explosifs.<\/li>\n<li class=\"wp-block-kadence-listitem kt-svg-icon-list-item-wrap kt-svg-icon-list-item-939_bc0eb6-d1 kt-svg-icon-list-style-default\"><span class=\"kt-svg-icon-list-text\">100% d\u2019efficacit\u00e9.<\/span><\/li>\n<li class=\"wp-block-kadence-listitem kt-svg-icon-list-item-wrap kt-svg-icon-list-item-939_b8705a-81 kt-svg-icon-list-style-default\"><span class=\"kt-svg-icon-list-text\">Sans bruit ni vibrations ni poussi\u00e8res.<\/span><\/li>\n<li class=\"wp-block-kadence-listitem kt-svg-icon-list-item-wrap kt-svg-icon-list-item-939_1be00b-bd kt-svg-icon-list-style-default\"><span class=\"kt-svg-icon-list-text\">Un produit 4 saisons.<\/span><\/li>\n<li class=\"wp-block-kadence-listitem kt-svg-icon-list-item-wrap kt-svg-icon-list-item-939_7db419-c4 kt-svg-icon-list-style-default\"><span class=\"kt-svg-icon-list-text\">Contr\u00f4le des fissurations pr\u00e9cises.<\/span><\/li>\n<li class=\"wp-block-kadence-listitem kt-svg-icon-list-item-wrap kt-svg-icon-list-item-939_b0b418-04 kt-svg-icon-list-style-default\"><span class=\"kt-svg-icon-list-text\">Ne n\u00e9cessite pas d\u2019\u00e9quipement lourd.<\/span><\/li>\n<li class=\"wp-block-kadence-listitem kt-svg-icon-list-item-wrap kt-svg-icon-list-item-939_48d8a7-a7 kt-svg-icon-list-style-default\"><span class=\"kt-svg-icon-list-text\">Mortier expansif non explosif pour d\u00e9molition de roche.<\/span><\/li>\n<li class=\"wp-block-kadence-listitem kt-svg-icon-list-item-wrap kt-svg-icon-list-item-939_48d8a7-a7 kt-svg-icon-list-style-default\"><span class=\"kt-svg-icon-list-text\">Ciment expansif pour la d\u00e9molition de b\u00e9ton arm\u00e9.<\/span><\/li>\n<\/ul>\n","protected":false},"featured_media":1170,"comment_status":"closed","ping_status":"closed","template":"","meta":{"_kadence_starter_templates_imported_post":true,"_kad_post_transparent":"default","_kad_post_title":"","_kad_post_layout":"default","_kad_post_sidebar_id":"","_kad_post_content_style":"default","_kad_post_vertical_padding":"default","_kad_post_feature":"","_kad_post_feature_position":"","_kad_post_header":false,"_kad_post_footer":false,"_kad_post_classname":""},"product_brand":[],"product_cat":[25],"product_tag":[],"class_list":{"0":"post-224","1":"product","2":"type-product","3":"status-publish","4":"has-post-thumbnail","6":"product_cat-ciment-expansif","7":"product_shipping_class-ups-pour-5kg","9":"first","10":"instock","11":"sale","12":"taxable","13":"shipping-taxable","14":"purchasable","15":"product-type-simple","16":"entry","17":"content-bg","18":"loop-entry"},"yoast_head":"<!-- This site is optimized with the Yoast SEO plugin v27.1 - https:\/\/yoast.com\/product\/yoast-seo-wordpress\/ -->\n<title>Mortier Expansif Carton 5 kg - DURANDAL - Durandal - Mortier Expansif fabriqu\u00e9 en France<\/title>\n<meta name=\"robots\" content=\"index, follow, max-snippet:-1, max-image-preview:large, max-video-preview:-1\" \/>\n<link rel=\"canonical\" href=\"https:\/\/durandal.fr\/index.php\/produit\/carton-5-kg-durandal\/\" \/>\n<meta property=\"og:locale\" content=\"fr_FR\" \/>\n<meta property=\"og:type\" content=\"article\" \/>\n<meta property=\"og:title\" content=\"Mortier Expansif Carton 5 kg - DURANDAL - Durandal - Mortier Expansif fabriqu\u00e9 en France\" \/>\n<meta property=\"og:description\" content=\"Mortier expansif fabriqu\u00e9 en France pour destruction de roches, dalles b\u00e9ton et b\u00e9ton arm\u00e9. Ce carton contient un sachet de 5kg de ciment - mortier expansif Durandal ainsi qu&#039;un mode d&#039;emploi. Les tarifs de livraison n&#039;inclus pas les Dom-Tom (suppl\u00e9ment n\u00e9cessaire, nous contacter avant commande). Recommand\u00e9 pour casser un petit bloc de roche \/ b\u00e9ton.  Facile et rapide d\u2019utilisation. Id\u00e9al pour les acc\u00e8s restreints. Id\u00e9al d\u00e9molition sans engins et sans explosifs. 100% d\u2019efficacit\u00e9. Sans bruit ni vibrations ni poussi\u00e8res. Un produit 4 saisons. Contr\u00f4le des fissurations pr\u00e9cises. Ne n\u00e9cessite pas d\u2019\u00e9quipement lourd. Mortier expansif non explosif pour d\u00e9molition de roche. Ciment expansif pour la d\u00e9molition de b\u00e9ton arm\u00e9.\" \/>\n<meta property=\"og:url\" content=\"https:\/\/durandal.fr\/index.php\/produit\/carton-5-kg-durandal\/\" \/>\n<meta property=\"og:site_name\" content=\"Durandal - Mortier Expansif fabriqu\u00e9 en France\" \/>\n<meta property=\"article:publisher\" content=\"https:\/\/www.facebook.com\/profile.php?id=100095299695286\" \/>\n<meta property=\"article:modified_time\" content=\"2026-02-24T08:26:16+00:00\" \/>\n<meta property=\"og:image\" content=\"https:\/\/durandal.fr\/wp-content\/uploads\/2021\/12\/carton-5kg-avc-fd-.jpg\" \/>\n\t<meta property=\"og:image:width\" content=\"1480\" \/>\n\t<meta property=\"og:image:height\" content=\"1110\" \/>\n\t<meta property=\"og:image:type\" content=\"image\/jpeg\" \/>\n<meta name=\"twitter:card\" content=\"summary_large_image\" \/>\n<meta name=\"twitter:label1\" content=\"Dur\u00e9e de lecture estim\u00e9e\" \/>\n\t<meta name=\"twitter:data1\" content=\"3 minutes\" \/>\n<script type=\"application\/ld+json\" class=\"yoast-schema-graph\">{\"@context\":\"https:\/\/schema.org\",\"@graph\":[{\"@type\":\"WebPage\",\"@id\":\"https:\/\/durandal.fr\/index.php\/produit\/carton-5-kg-durandal\/\",\"url\":\"https:\/\/durandal.fr\/index.php\/produit\/carton-5-kg-durandal\/\",\"name\":\"Mortier Expansif Carton 5 kg - DURANDAL - Durandal - Mortier Expansif fabriqu\u00e9 en France\",\"isPartOf\":{\"@id\":\"https:\/\/durandal.fr\/#website\"},\"primaryImageOfPage\":{\"@id\":\"https:\/\/durandal.fr\/index.php\/produit\/carton-5-kg-durandal\/#primaryimage\"},\"image\":{\"@id\":\"https:\/\/durandal.fr\/index.php\/produit\/carton-5-kg-durandal\/#primaryimage\"},\"thumbnailUrl\":\"https:\/\/durandal.fr\/wp-content\/uploads\/2021\/12\/carton-5kg-avc-fd-.jpg\",\"datePublished\":\"2022-11-04T11:23:34+00:00\",\"dateModified\":\"2026-02-24T08:26:16+00:00\",\"breadcrumb\":{\"@id\":\"https:\/\/durandal.fr\/index.php\/produit\/carton-5-kg-durandal\/#breadcrumb\"},\"inLanguage\":\"fr-FR\",\"potentialAction\":[{\"@type\":\"ReadAction\",\"target\":[\"https:\/\/durandal.fr\/index.php\/produit\/carton-5-kg-durandal\/\"]}]},{\"@type\":\"ImageObject\",\"inLanguage\":\"fr-FR\",\"@id\":\"https:\/\/durandal.fr\/index.php\/produit\/carton-5-kg-durandal\/#primaryimage\",\"url\":\"https:\/\/durandal.fr\/wp-content\/uploads\/2021\/12\/carton-5kg-avc-fd-.jpg\",\"contentUrl\":\"https:\/\/durandal.fr\/wp-content\/uploads\/2021\/12\/carton-5kg-avc-fd-.jpg\",\"width\":1480,\"height\":1110},{\"@type\":\"BreadcrumbList\",\"@id\":\"https:\/\/durandal.fr\/index.php\/produit\/carton-5-kg-durandal\/#breadcrumb\",\"itemListElement\":[{\"@type\":\"ListItem\",\"position\":1,\"name\":\"Accueil\",\"item\":\"https:\/\/durandal.fr\/\"},{\"@type\":\"ListItem\",\"position\":2,\"name\":\"Commander du Mortier Expansif Durandal\",\"item\":\"https:\/\/durandal.fr\/index.php\/shop\/\"},{\"@type\":\"ListItem\",\"position\":3,\"name\":\"Mortier Expansif Carton 5 kg &#8211; DURANDAL\"}]},{\"@type\":\"WebSite\",\"@id\":\"https:\/\/durandal.fr\/#website\",\"url\":\"https:\/\/durandal.fr\/\",\"name\":\"Durandal - Mortier Expansif fabriqu\u00e9 en France\",\"description\":\"Ciment expansif pour la d\u00e9molition des roches\",\"publisher\":{\"@id\":\"https:\/\/durandal.fr\/#organization\"},\"potentialAction\":[{\"@type\":\"SearchAction\",\"target\":{\"@type\":\"EntryPoint\",\"urlTemplate\":\"https:\/\/durandal.fr\/?s={search_term_string}\"},\"query-input\":{\"@type\":\"PropertyValueSpecification\",\"valueRequired\":true,\"valueName\":\"search_term_string\"}}],\"inLanguage\":\"fr-FR\"},{\"@type\":\"Organization\",\"@id\":\"https:\/\/durandal.fr\/#organization\",\"name\":\"Durandal - Mortier Expansif pour d\u00e9molition roche et b\u00e9ton\",\"url\":\"https:\/\/durandal.fr\/\",\"logo\":{\"@type\":\"ImageObject\",\"inLanguage\":\"fr-FR\",\"@id\":\"https:\/\/durandal.fr\/#\/schema\/logo\/image\/\",\"url\":\"https:\/\/durandal.fr\/wp-content\/uploads\/2022\/09\/cropped-Capture-decran-2015-07-01-a-17.34.40.png\",\"contentUrl\":\"https:\/\/durandal.fr\/wp-content\/uploads\/2022\/09\/cropped-Capture-decran-2015-07-01-a-17.34.40.png\",\"width\":922,\"height\":180,\"caption\":\"Durandal - Mortier Expansif pour d\u00e9molition roche et b\u00e9ton\"},\"image\":{\"@id\":\"https:\/\/durandal.fr\/#\/schema\/logo\/image\/\"},\"sameAs\":[\"https:\/\/www.facebook.com\/profile.php?id=100095299695286\",\"https:\/\/www.youtube.com\/@durandal3345\"]}]}<\/script>\n<!-- \/ Yoast SEO plugin. -->","yoast_head_json":{"title":"Mortier Expansif Carton 5 kg - DURANDAL - Durandal - Mortier Expansif fabriqu\u00e9 en France","robots":{"index":"index","follow":"follow","max-snippet":"max-snippet:-1","max-image-preview":"max-image-preview:large","max-video-preview":"max-video-preview:-1"},"canonical":"https:\/\/durandal.fr\/index.php\/produit\/carton-5-kg-durandal\/","og_locale":"fr_FR","og_type":"article","og_title":"Mortier Expansif Carton 5 kg - DURANDAL - Durandal - Mortier Expansif fabriqu\u00e9 en France","og_description":"Mortier expansif fabriqu\u00e9 en France pour destruction de roches, dalles b\u00e9ton et b\u00e9ton arm\u00e9. Ce carton contient un sachet de 5kg de ciment - mortier expansif Durandal ainsi qu'un mode d'emploi. Les tarifs de livraison n'inclus pas les Dom-Tom (suppl\u00e9ment n\u00e9cessaire, nous contacter avant commande). Recommand\u00e9 pour casser un petit bloc de roche \/ b\u00e9ton.  Facile et rapide d\u2019utilisation. Id\u00e9al pour les acc\u00e8s restreints. Id\u00e9al d\u00e9molition sans engins et sans explosifs. 100% d\u2019efficacit\u00e9. Sans bruit ni vibrations ni poussi\u00e8res. Un produit 4 saisons. Contr\u00f4le des fissurations pr\u00e9cises. Ne n\u00e9cessite pas d\u2019\u00e9quipement lourd. Mortier expansif non explosif pour d\u00e9molition de roche. Ciment expansif pour la d\u00e9molition de b\u00e9ton arm\u00e9.","og_url":"https:\/\/durandal.fr\/index.php\/produit\/carton-5-kg-durandal\/","og_site_name":"Durandal - Mortier Expansif fabriqu\u00e9 en France","article_publisher":"https:\/\/www.facebook.com\/profile.php?id=100095299695286","article_modified_time":"2026-02-24T08:26:16+00:00","og_image":[{"width":1480,"height":1110,"url":"https:\/\/durandal.fr\/wp-content\/uploads\/2021\/12\/carton-5kg-avc-fd-.jpg","type":"image\/jpeg"}],"twitter_card":"summary_large_image","twitter_misc":{"Dur\u00e9e de lecture estim\u00e9e":"3 minutes"},"schema":{"@context":"https:\/\/schema.org","@graph":[{"@type":"WebPage","@id":"https:\/\/durandal.fr\/index.php\/produit\/carton-5-kg-durandal\/","url":"https:\/\/durandal.fr\/index.php\/produit\/carton-5-kg-durandal\/","name":"Mortier Expansif Carton 5 kg - DURANDAL - Durandal - Mortier Expansif fabriqu\u00e9 en France","isPartOf":{"@id":"https:\/\/durandal.fr\/#website"},"primaryImageOfPage":{"@id":"https:\/\/durandal.fr\/index.php\/produit\/carton-5-kg-durandal\/#primaryimage"},"image":{"@id":"https:\/\/durandal.fr\/index.php\/produit\/carton-5-kg-durandal\/#primaryimage"},"thumbnailUrl":"https:\/\/durandal.fr\/wp-content\/uploads\/2021\/12\/carton-5kg-avc-fd-.jpg","datePublished":"2022-11-04T11:23:34+00:00","dateModified":"2026-02-24T08:26:16+00:00","breadcrumb":{"@id":"https:\/\/durandal.fr\/index.php\/produit\/carton-5-kg-durandal\/#breadcrumb"},"inLanguage":"fr-FR","potentialAction":[{"@type":"ReadAction","target":["https:\/\/durandal.fr\/index.php\/produit\/carton-5-kg-durandal\/"]}]},{"@type":"ImageObject","inLanguage":"fr-FR","@id":"https:\/\/durandal.fr\/index.php\/produit\/carton-5-kg-durandal\/#primaryimage","url":"https:\/\/durandal.fr\/wp-content\/uploads\/2021\/12\/carton-5kg-avc-fd-.jpg","contentUrl":"https:\/\/durandal.fr\/wp-content\/uploads\/2021\/12\/carton-5kg-avc-fd-.jpg","width":1480,"height":1110},{"@type":"BreadcrumbList","@id":"https:\/\/durandal.fr\/index.php\/produit\/carton-5-kg-durandal\/#breadcrumb","itemListElement":[{"@type":"ListItem","position":1,"name":"Accueil","item":"https:\/\/durandal.fr\/"},{"@type":"ListItem","position":2,"name":"Commander du Mortier Expansif Durandal","item":"https:\/\/durandal.fr\/index.php\/shop\/"},{"@type":"ListItem","position":3,"name":"Mortier Expansif Carton 5 kg &#8211; DURANDAL"}]},{"@type":"WebSite","@id":"https:\/\/durandal.fr\/#website","url":"https:\/\/durandal.fr\/","name":"Durandal - Mortier Expansif fabriqu\u00e9 en France","description":"Ciment expansif pour la d\u00e9molition des roches","publisher":{"@id":"https:\/\/durandal.fr\/#organization"},"potentialAction":[{"@type":"SearchAction","target":{"@type":"EntryPoint","urlTemplate":"https:\/\/durandal.fr\/?s={search_term_string}"},"query-input":{"@type":"PropertyValueSpecification","valueRequired":true,"valueName":"search_term_string"}}],"inLanguage":"fr-FR"},{"@type":"Organization","@id":"https:\/\/durandal.fr\/#organization","name":"Durandal - Mortier Expansif pour d\u00e9molition roche et b\u00e9ton","url":"https:\/\/durandal.fr\/","logo":{"@type":"ImageObject","inLanguage":"fr-FR","@id":"https:\/\/durandal.fr\/#\/schema\/logo\/image\/","url":"https:\/\/durandal.fr\/wp-content\/uploads\/2022\/09\/cropped-Capture-decran-2015-07-01-a-17.34.40.png","contentUrl":"https:\/\/durandal.fr\/wp-content\/uploads\/2022\/09\/cropped-Capture-decran-2015-07-01-a-17.34.40.png","width":922,"height":180,"caption":"Durandal - Mortier Expansif pour d\u00e9molition roche et b\u00e9ton"},"image":{"@id":"https:\/\/durandal.fr\/#\/schema\/logo\/image\/"},"sameAs":["https:\/\/www.facebook.com\/profile.php?id=100095299695286","https:\/\/www.youtube.com\/@durandal3345"]}]}},"_links":{"self":[{"href":"https:\/\/durandal.fr\/index.php\/wp-json\/wp\/v2\/product\/224","targetHints":{"allow":["GET"]}}],"collection":[{"href":"https:\/\/durandal.fr\/index.php\/wp-json\/wp\/v2\/product"}],"about":[{"href":"https:\/\/durandal.fr\/index.php\/wp-json\/wp\/v2\/types\/product"}],"replies":[{"embeddable":true,"href":"https:\/\/durandal.fr\/index.php\/wp-json\/wp\/v2\/comments?post=224"}],"wp:featuredmedia":[{"embeddable":true,"href":"https:\/\/durandal.fr\/index.php\/wp-json\/wp\/v2\/media\/1170"}],"wp:attachment":[{"href":"https:\/\/durandal.fr\/index.php\/wp-json\/wp\/v2\/media?parent=224"}],"wp:term":[{"taxonomy":"product_brand","embeddable":true,"href":"https:\/\/durandal.fr\/index.php\/wp-json\/wp\/v2\/product_brand?post=224"},{"taxonomy":"product_cat","embeddable":true,"href":"https:\/\/durandal.fr\/index.php\/wp-json\/wp\/v2\/product_cat?post=224"},{"taxonomy":"product_tag","embeddable":true,"href":"https:\/\/durandal.fr\/index.php\/wp-json\/wp\/v2\/product_tag?post=224"}],"curies":[{"name":"wp","href":"https:\/\/api.w.org\/{rel}","templated":true}]}}